{"id":4970,"date":"2020-08-27T10:48:24","date_gmt":"2020-08-27T09:48:24","guid":{"rendered":"https:\/\/the7.io\/?page_id=4970"},"modified":"2024-01-05T13:21:26","modified_gmt":"2024-01-05T12:21:26","slug":"privacy-policy-2","status":"publish","type":"page","link":"https:\/\/baratet-pepiniere.fr\/index.php\/privacy-policy-2\/","title":{"rendered":"Privacy Policy"},"content":{"rendered":"Vous devez \u00eatre connect\u00e9 pour voir ce contenu.","protected":false},"excerpt":{"rendered":"Vous devez \u00eatre connect\u00e9 pour voir ce contenu.","protected":false},"author":2,"featured_media":0,"parent":0,"menu_order":0,"comment_status":"closed","ping_status":"closed","template":"","meta":{"om_disable_all_campaigns":false,"_monsterinsights_skip_tracking":false,"_monsterinsights_sitenote_active":false,"_monsterinsights_sitenote_note":"","_monsterinsights_sitenote_category":0,"footnotes":""},"class_list":["post-4970","page","type-page","status-publish","hentry"],"aioseo_notices":[],"_links":{"self":[{"href":"https:\/\/baratet-pepiniere.fr\/index.php\/wp-json\/wp\/v2\/pages\/4970","targetHints":{"allow":["GET"]}}],"collection":[{"href":"https:\/\/baratet-pepiniere.fr\/index.php\/wp-json\/wp\/v2\/pages"}],"about":[{"href":"https:\/\/baratet-pepiniere.fr\/index.php\/wp-json\/wp\/v2\/types\/page"}],"author":[{"embeddable":true,"href":"https:\/\/baratet-pepiniere.fr\/index.php\/wp-json\/wp\/v2\/users\/2"}],"replies":[{"embeddable":true,"href":"https:\/\/baratet-pepiniere.fr\/index.php\/wp-json\/wp\/v2\/comments?post=4970"}],"version-history":[{"count":1,"href":"https:\/\/baratet-pepiniere.fr\/index.php\/wp-json\/wp\/v2\/pages\/4970\/revisions"}],"predecessor-version":[{"id":11574,"href":"https:\/\/baratet-pepiniere.fr\/index.php\/wp-json\/wp\/v2\/pages\/4970\/revisions\/11574"}],"wp:attachment":[{"href":"https:\/\/baratet-pepiniere.fr\/index.php\/wp-json\/wp\/v2\/media?parent=4970"}],"curies":[{"name":"wp","href":"https:\/\/api.w.org\/{rel}","templated":true}]}}